{"id":3266,"date":"2025-11-11T17:31:51","date_gmt":"2025-11-11T17:31:51","guid":{"rendered":"https:\/\/thebulldoog.com\/home\/"},"modified":"2025-11-19T18:09:10","modified_gmt":"2025-11-19T18:09:10","slug":"home","status":"publish","type":"page","link":"https:\/\/thebulldoog.com\/","title":{"rendered":"THE BULLDOG"},"content":{"rendered":"\n<div class=\"wp-block-group is-layout-constrained wp-block-group-is-layout-constrained\">\n<div class=\"wp-block-uagb-container uagb-block-9f8805d3 default uagb-is-root-container\">\n<div class=\"wp-block-uagb-container uagb-block-a49b3d76\">\n<details class=\"wp-block-details is-layout-flow wp-block-details-is-layout-flow\"><summary><strong>BLDOG: Kripto D\u00fcnyas\u0131n\u0131n En Sad\u0131k Dostu<\/strong><br>The Bulldog Token ($BLDOG$), kripto para ekosistemine sadakat, diren\u00e7 ve topluluk odakl\u0131 bir b\u00fcy\u00fcme vizyonu sunar. Piyasadaki k\u0131sa \u00f6m\u00fcrl\u00fc ve amac\u0131 belirsiz projelerin aksine, $BLDOG$ yaln\u0131zca bir memecoin olman\u0131n \u00f6tesine ge\u00e7erek, somut kullan\u0131m alanlar\u0131 ve \u015feffaf bir yol haritas\u0131 ile desteklenen, uzun vadeli ve s\u00fcrd\u00fcr\u00fclebilir bir de\u011fer deposu in\u015fa etmeyi hedefler.<br><strong>Vizyonumuz:<\/strong> BNB Smart Chain (BSC) \u00fczerinde, yat\u0131r\u0131mc\u0131lar\u0131n g\u00fcvenini ve sadakatini merkeze koyan, g\u00fc\u00e7l\u00fc ve \u015feffaf bir merkeziyetsiz topluluk (DAO) yap\u0131s\u0131 kurmakt\u0131r.<\/summary>\n<div class=\"wp-block-group is-layout-constrained wp-block-group-is-layout-constrained\">\n<div class=\"wp-block-uagb-image uagb-block-afcf1353 wp-block-uagb-image--layout-default wp-block-uagb-image--effect-static wp-block-uagb-image--align-none\"><figure class=\"wp-block-uagb-image__figure\"><img decoding=\"async\" srcset=\"https:\/\/thebulldoog.com\/wp-content\/uploads\/2025\/11\/unnamed-1-1.jpg ,https:\/\/thebulldoog.com\/wp-content\/uploads\/2025\/11\/unnamed-1-1.jpg 780w, https:\/\/thebulldoog.com\/wp-content\/uploads\/2025\/11\/unnamed-1-1.jpg 360w\" sizes=\"auto, (max-width: 480px) 150px\" src=\"https:\/\/thebulldoog.com\/wp-content\/uploads\/2025\/11\/unnamed-1-1.jpg\" alt=\"unnamed (1)\" class=\"uag-image-3368\" width=\"962\" height=\"1024\" title=\"unnamed (1)\" loading=\"lazy\" role=\"img\"\/><\/figure><\/div>\n<\/div>\n<\/details>\n<\/div>\n<\/div>\n\n\n\n<p><a href=\"https:\/\/thebulldoog.com\/wp-content\/uploads\/2025\/11\/whitepaper.pdf.pdf\">https:\/\/thebulldoog.com\/wp-content\/uploads\/2025\/11\/whitepaper.pdf.pdf<\/a><\/p>\n<\/div>\n\n\n\n<div class=\"wp-block-uagb-image uagb-block-5b3e881e wp-block-uagb-image--layout-default wp-block-uagb-image--effect-static wp-block-uagb-image--align-none\"><figure class=\"wp-block-uagb-image__figure\"><img decoding=\"async\" srcset=\"https:\/\/thebulldoog.com\/wp-content\/uploads\/2025\/11\/unnamed-1-2.jpg ,https:\/\/thebulldoog.com\/wp-content\/uploads\/2025\/11\/unnamed-1-2.jpg 780w, https:\/\/thebulldoog.com\/wp-content\/uploads\/2025\/11\/unnamed-1-2.jpg 360w\" sizes=\"auto, (max-width: 480px) 150px\" src=\"https:\/\/thebulldoog.com\/wp-content\/uploads\/2025\/11\/unnamed-1-2.jpg\" alt=\"unnamed (1)\" class=\"uag-image-3379\" width=\"962\" height=\"1024\" title=\"unnamed (1)\" loading=\"lazy\" role=\"img\"\/><\/figure><\/div>\n\n\n\n<div class=\"wp-block-uagb-container uagb-block-692daf8e alignfull uagb-is-root-container\">\n<div class=\"wp-block-uagb-container uagb-block-65e6221c\">\n<div class=\"wp-block-uagb-info-box uagb-block-f5ccb0ca uagb-infobox__content-wrap  uagb-infobox-icon-above-title uagb-infobox-image-valign-top wp-block-uagb-info-box--has-margin\"><div class=\"uagb-infobox-margin-wrapper\"><div class=\"uagb-ifb-content\"><div class=\"uagb-ifb-title-wrap\"><h3 class=\"uagb-ifb-title\">Proje Temelleri<br><br><strong>Detay<\/strong><br><strong>A\u00e7\u0131klama<\/strong><br><strong>Token Ad\u0131<\/strong><br>The Bulldog Token<br><strong>Sembol<\/strong><br>$BLDOG$<br><strong>Blok Zinciri<\/strong><br>BNB Smart Chain (BEP-20)<br><strong>Ak\u0131ll\u0131 S\u00f6zle\u015fme Adresi<\/strong><br><code>0x3D0A0B59a355fA4B4F82aE33ab35a86a5065B0D0<\/code><br><strong>Ana Kullan\u0131m Alan\u0131<\/strong><br>Staking \u00d6d\u00fclleri, Topluluk Y\u00f6neti\u015fimi, \u00d6zel NFT Eri\u015fimi<br><\/h3><\/div><\/div><\/div><\/div>\n<\/div>\n<\/div>\n\n\n\n<div class=\"wp-block-uagb-container uagb-block-012e3f1c alignfull uagb-is-root-container\"><div class=\"uagb-container-inner-blocks-wrap\">\n<p><strong>Da\u011f\u0131t\u0131m Kalemi<\/strong><strong>Oran<\/strong><strong>Miktar\u0131 (BLDOG)<\/strong><strong>Amac\u0131 ve Kilitleme Bilgisi<\/strong><strong>Toplam Arz<\/strong>100%<strong>1.000.000.000<\/strong><strong>Piyasa Likiditesi<\/strong>40%$400.000.000$Merkeziyetsiz borsalarda (DEX) sa\u011fl\u0131kl\u0131 bir ticaret ortam\u0131 sa\u011flamak i\u00e7in ayr\u0131lm\u0131\u015ft\u0131r. <strong>(Likidite Kilitleme Kan\u0131t\u0131 Buraya Eklenecek)<\/strong><strong>Kilitli Fonlar (Rezerv)<\/strong>30%$300.000.000$Ekosistem geli\u015ftirme, yeni ortakl\u0131klar ve listeleme maliyetleri i\u00e7in ayr\u0131lm\u0131\u015ft\u0131r. Bu fonlar, 2 y\u0131ll\u0131k bir d\u00f6nemde kademeli serbest b\u0131rakma mekanizmas\u0131 ile kilitlenecektir. <strong>(Kilitleme Kan\u0131t\u0131 Buraya Eklenecek)<\/strong><strong>Ekip Tahsisi<\/strong>15%$150.000.000$Projenin \u00e7ekirdek ekibini motive etmek ve s\u00fcrd\u00fcr\u00fclebilirli\u011fi sa\u011flamak i\u00e7in ayr\u0131lm\u0131\u015ft\u0131r. <strong>(Bu miktar, ilk 12 ay kilitli kalacakt\u0131r.)<\/strong><strong>Airdrop ve \u00d6d\u00fcller<\/strong>15%$150.000.000$Erken benimseyenlere, aktif topluluk \u00fcyelerine ve \u00f6d\u00fcl programlar\u0131na da\u011f\u0131t\u0131lacakt\u0131r.<\/p>\n\n\n\n<div class=\"wp-block-uagb-container uagb-block-6911cb7d\"><\/div>\n\n\n\n<div class=\"wp-block-uagb-container uagb-block-5143406a\"><\/div>\n\n\n\n<div class=\"wp-block-uagb-container uagb-block-458d64cd\"><\/div>\n<\/div><\/div>\n\n\n\n<div class=\"wp-block-uagb-container uagb-block-d509e43f alignfull uagb-is-root-container\"><div class=\"uagb-container-inner-blocks-wrap\">\n<div class=\"wp-block-uagb-separator uagb-block-2d73f7b2\"><div class=\"wp-block-uagb-separator__inner\" style=\"--my-background-image:\"><\/div><\/div>\n\n\n\n<figure class=\"wp-block-table\"><table class=\"has-fixed-layout\"><thead><tr><td><strong>Da\u011f\u0131t\u0131m Kalemi<\/strong><\/td><td><strong>Oran<\/strong><\/td><td><strong>Miktar\u0131<\/strong><\/td><td><strong>Kilitleme\/Kullan\u0131m Amac\u0131<\/strong><\/td><\/tr><\/thead><tbody><tr><td><strong>Toplam Arz<\/strong><\/td><td>100%<\/td><td>$1,000,000,000$ BLDOG<\/td><td><\/td><\/tr><tr><td><strong>Piyasa Likiditesi<\/strong><\/td><td>40%<\/td><td>$400,000,000$ BLDOG<\/td><td>DEX&#8217;ler i\u00e7in ba\u015flang\u0131\u00e7 likiditesine ayr\u0131lm\u0131\u015ft\u0131r. (Buraya likidite kilit kan\u0131t\u0131n\u0131n ba\u011flant\u0131s\u0131 gelebilir.)<\/td><\/tr><tr><td><strong>Kilitli Fonlar<\/strong><\/td><td>30%<\/td><td>$300,000,000$ BLDOG<\/td><td>Uzun vadeli geli\u015ftirme ve operasyonel giderler i\u00e7in ayr\u0131lm\u0131\u015ft\u0131r. (Buraya kilitleme kan\u0131t\u0131n\u0131n ba\u011flant\u0131s\u0131 gelebilir.)<\/td><\/tr><tr><td><strong>Ekip Tahsisi<\/strong><\/td><td>15%<\/td><td>$150,000,000$ BLDOG<\/td><td>Proje geli\u015fimini ve bak\u0131m\u0131n\u0131 destekler. (Bu fonlar\u0131n 12-24 ay s\u00fcreyle kilitlendi\u011fine dair bilgi eklenebilir.)<\/td><\/tr><tr><td><strong>Airdrop\/\u00d6d\u00fcller<\/strong><\/td><td>15%<\/td><td>$150,000,000$ BLDOG<\/td><td>Erken benimseyenleri ve topluluk etkinliklerini \u00f6d\u00fcllendirmek i\u00e7in kullan\u0131l\u0131r.<\/td><\/tr><\/tbody><\/table><\/figure>\n\n\n\n<ul class=\"wp-block-list\">\n<li><\/li>\n<\/ul>\n\n\n\n<p><\/p>\n\n\n\n<p><strong> 1: Ba\u015flang\u0131\u00e7 &amp; Topluluk Olu\u015fturma<\/strong>Q4 2025Resmi lansman, web sitesi, sosyal medya, <strong>ak\u0131ll\u0131 s\u00f6zle\u015fme denetimi ba\u015flat\u0131lmas\u0131<\/strong>, $BLDOG$ token olu\u015fturma.<strong>Ak\u0131ll\u0131 S\u00f6zle\u015fme Denetim Kan\u0131t\u0131<\/strong> (Ba\u015flang\u0131\u00e7 veya tamamlanma) ve <strong>Likidite Kilit Kan\u0131t\u0131.<\/strong><strong>Faz 2: B\u00fcy\u00fcme &amp; Airdrop<\/strong>Q1 2026\u0130lk Airdrop, DEX listelemeleri, <strong>profesyonel pazarlama kampanyalar\u0131<\/strong>, k\u00fcresel ortakl\u0131klar.B\u00fcy\u00fck pazarlama ajanslar\u0131yla yap\u0131lan i\u015fbirlikleri (varsa).<strong>Faz 3: Utility &amp; Uzun Vadeli Geli\u015fim<\/strong>Q3\u2013Q4 2026<strong>BLDOG Staking Lansman\u0131<\/strong>, CEX (Merkezi Borsa) listelemeleri, Ekosistem ara\u00e7lar\u0131n\u0131n geli\u015ftirilmesi, Hayvan refah\u0131 i\u00e7in yard\u0131m giri\u015fimleri.<strong>Staking Platformunun canl\u0131 ba\u011flant\u0131s\u0131<\/strong> ve CEX listeleme duyurular\u0131.<\/p>\n<\/div><\/div>\n\n\n\n<div class=\"wp-block-uagb-container uagb-block-d944f8fb alignfull uagb-is-root-container\"><div class=\"uagb-container-inner-blocks-wrap\">\n<div class=\"wp-block-uagb-info-box uagb-block-50c258a4 uagb-infobox__content-wrap  uagb-infobox-icon-above-title uagb-infobox-image-valign-top wp-block-uagb-info-box--has-margin\"><div class=\"uagb-infobox-margin-wrapper\"><div class=\"uagb-ifb-content\"><div class=\"uagb-ifb-title-wrap\"><h2 class=\"uagb-ifb-title\">Ekosistem ve Kullan\u0131m Alan\u0131 (Utility)<br><br>$BLDOG$, toplulu\u011fa de\u011fer katan \u00fc\u00e7 ana kullan\u0131m alan\u0131 etraf\u0131nda in\u015fa edilmi\u015ftir:<br><strong>Staking (Kitleme) Sistemi:<\/strong> BLDOG sahipleri, tokenlar\u0131n\u0131 platformumuzda kilitleyerek pasif gelir elde etme ve ekosistemimizin g\u00fcvenli\u011fine katk\u0131da bulunma f\u0131rsat\u0131na sahip olacakt\u0131r. Staking sistemi, uzun vadeli elde tutmay\u0131 (HODL) te\u015fvik ederek arz \u00fczerindeki sat\u0131\u015f bask\u0131s\u0131n\u0131 azaltmay\u0131 ama\u00e7lar.<br><strong>Topluluk Y\u00f6neti\u015fimi (DAO):<\/strong> Anonim yap\u0131m\u0131z\u0131n \u015feffafl\u0131\u011f\u0131n\u0131 sa\u011flamak amac\u0131yla, BLDOG token sahiplerine \u00f6nemli proje kararlar\u0131nda oy hakk\u0131 tan\u0131nacakt\u0131r. (\u00d6rn: Rezerv fonlar\u0131n\u0131n kullan\u0131m\u0131, yeni ekosistem entegrasyonlar\u0131, hay\u0131rseverlik giri\u015fimleri).<br><strong>\u00d6zel NFT ve Eri\u015fim:<\/strong> \u0130leride piyasaya s\u00fcr\u00fclecek Bulldog temal\u0131 NFT koleksiyonlar\u0131, BLDOG token sahiplerine \u00f6zel indirimler, airdrop&#8217;lar veya ekosistem i\u00e7i avantajlar sa\u011flayacakt\u0131r.<\/h2><\/div><\/div><\/div><\/div>\n<\/div><\/div>\n\n\n\n<div class=\"wp-block-uagb-container uagb-block-8ba17e3f alignfull uagb-is-root-container\"><div class=\"uagb-container-inner-blocks-wrap\">\n<div class=\"wp-block-uagb-container uagb-block-6c9f6b6e\">\n<figure class=\"wp-block-table\"><table class=\"has-fixed-layout\"><thead><tr><td><strong>Faz<\/strong><\/td><td><strong>S\u00fcre<\/strong><\/td><td><strong>Temel Odak Noktalar\u0131<\/strong><\/td><td><strong>BscScan Onay\u0131 \u0130\u00e7in Kritik Kan\u0131tlar<\/strong><\/td><\/tr><\/thead><tbody><tr><td><strong>Faz 1<\/strong><\/td><td>Q4 2025<\/td><td><strong>Lansman ve Haz\u0131rl\u0131k:<\/strong> Resmi web sitesi ve sosyal kanallar\u0131n a\u00e7\u0131l\u0131\u015f\u0131, ak\u0131ll\u0131 s\u00f6zle\u015fme denetiminin ba\u015flat\u0131lmas\u0131, token olu\u015fturma, likiditenin kilitlenmesi.<\/td><td><strong>Likidite Kilit Kan\u0131t\u0131<\/strong> ve <strong>Ak\u0131ll\u0131 S\u00f6zle\u015fme Denetim Raporu<\/strong> (veya denetimin devam etti\u011fine dair kan\u0131t).<\/td><\/tr><tr><td><strong>Faz 2<\/strong><\/td><td>Q1\u2013Q2 2026<\/td><td><strong>B\u00fcy\u00fcme ve Benimsenme:<\/strong> \u0130lk Airdrop etkinli\u011fi, Merkeziyetsiz Borsalarda (DEX) listelenme, ilk k\u00fcresel pazarlama kampanyalar\u0131, topluluk ortakl\u0131klar\u0131n\u0131n geni\u015fletilmesi.<\/td><td><strong>DEX Listeleme Ba\u011flant\u0131lar\u0131<\/strong> ve <strong>BscScan Token Bilgisi G\u00fcncelleme Ba\u015fvurusu<\/strong> (Bu a\u015famada).<\/td><\/tr><tr><td><strong>Faz 3<\/strong><\/td><td>Q3\u2013Q4 2026<\/td><td><strong>Utility ve Kurumsalla\u015fma:<\/strong> <strong>BLDOG Staking Sisteminin Canl\u0131 Lansman\u0131<\/strong>, Merkezi Borsalarda (CEX) listelenme \u00e7al\u0131\u015fmalar\u0131, markala\u015fma ortakl\u0131klar\u0131, hayvan refah\u0131 i\u00e7in ilk yard\u0131m etkinli\u011fi.<\/td><td><strong>Staking Platformu Ba\u011flant\u0131s\u0131<\/strong> ve <strong>CEX Listeleme Duyurular\u0131.<\/strong><\/td><\/tr><\/tbody><\/table><\/figure>\n\n\n\n<h3 class=\"wp-block-heading\">. Risk ve Sorumluluk Reddi<\/h3>\n\n\n\n<p>BLDOG token, y\u00fcksek riskli ve volatil bir varl\u0131k s\u0131n\u0131f\u0131nda yer almaktad\u0131r. Bu Whitepaper, bir yat\u0131r\u0131m tavsiyesi, menkul k\u0131ymet veya finansal bir teklif te\u015fkil etmez. Yat\u0131r\u0131mc\u0131lar, t\u00fcm sermayelerini kaybetme riski de dahil olmak \u00fczere, kripto para piyasas\u0131n\u0131n do\u011fas\u0131nda bulunan riskleri kabul etmelidirler. Proje ekibi, piyasa ko\u015fullar\u0131 ve kontrol d\u0131\u015f\u0131 fakt\u00f6rler nedeniyle yol haritas\u0131nda de\u011fi\u015fiklik yapma hakk\u0131n\u0131 sakl\u0131 tutar.<\/p>\n<\/div>\n<\/div><\/div>\n\n\n\n<div class=\"wp-block-uagb-container uagb-block-71e3763c alignfull uagb-is-root-container\"><div class=\"uagb-container-inner-blocks-wrap\">\n<div class=\"wp-block-buttons is-layout-flex wp-block-buttons-is-layout-flex\">\n<div class=\"wp-block-button\"><a class=\"wp-block-button__link wp-element-button\" href=\"https:\/\/twitter.com\/thebulldoo\">https:\/\/twitter.com\/thebulldoo<\/a><\/div>\n<\/div>\n\n\n\n<div class=\"wp-block-uagb-container uagb-block-538a47c5\"><\/div>\n<\/div><\/div>\n","protected":false},"excerpt":{"rendered":"<p>https:\/\/thebulldoog.com\/wp-content\/uploads\/2025\/11\/whitepaper.pdf.pdf Da\u011f\u0131t\u0131m KalemiOranMiktar\u0131 (BLDOG)Amac\u0131 ve Kilitleme BilgisiToplam Arz100%1.000.000.000Piyasa Likiditesi40%$400.000.000$Merkeziyetsiz borsalarda (DEX) sa\u011fl\u0131kl\u0131 bir ticaret ortam\u0131 sa\u011flamak i\u00e7in ayr\u0131lm\u0131\u015ft\u0131r. (Likidite Kilitleme [&hellip;]<\/p>\n","protected":false},"author":1,"featured_media":0,"parent":0,"menu_order":0,"comment_status":"closed","ping_status":"closed","template":"","meta":{"_uag_custom_page_level_css":"","site-sidebar-layout":"default","site-content-layout":"","ast-site-content-layout":"default","site-content-style":"default","site-sidebar-style":"default","ast-global-header-display":"","ast-banner-title-visibility":"","ast-main-header-display":"","ast-hfb-above-header-display":"","ast-hfb-below-header-display":"","ast-hfb-mobile-header-display":"","site-post-title":"disabled","ast-breadcrumbs-content":"","ast-featured-img":"","footer-sml-layout":"","theme-transparent-header-meta":"enabled","adv-header-id-meta":"","stick-header-meta":"","header-above-stick-meta":"","header-main-stick-meta":"","header-below-stick-meta":"","astra-migrate-meta-layouts":"default","ast-page-background-enabled":"default","ast-page-background-meta":{"desktop":{"background-color":"var(--ast-global-color-4)","background-image":"","background-repeat":"repeat","background-position":"center center","background-size":"auto","background-attachment":"scroll","background-type":"","background-media":"","overlay-type":"","overlay-color":"","overlay-opacity":"","overlay-gradient":""},"tablet":{"background-color":"","background-image":"","background-repeat":"repeat","background-position":"center center","background-size":"auto","background-attachment":"scroll","background-type":"","background-media":"","overlay-type":"","overlay-color":"","overlay-opacity":"","overlay-gradient":""},"mobile":{"background-color":"","background-image":"","background-repeat":"repeat","background-position":"center center","background-size":"auto","background-attachment":"scroll","background-type":"","background-media":"","overlay-type":"","overlay-color":"","overlay-opacity":"","overlay-gradient":""}},"ast-content-background-meta":{"desktop":{"background-color":"var(--ast-global-color-5)","background-image":"","background-repeat":"repeat","background-position":"center center","background-size":"auto","background-attachment":"scroll","background-type":"","background-media":"","overlay-type":"","overlay-color":"","overlay-opacity":"","overlay-gradient":""},"tablet":{"background-color":"var(--ast-global-color-5)","background-image":"","background-repeat":"repeat","background-position":"center center","background-size":"auto","background-attachment":"scroll","background-type":"","background-media":"","overlay-type":"","overlay-color":"","overlay-opacity":"","overlay-gradient":""},"mobile":{"background-color":"var(--ast-global-color-5)","background-image":"","background-repeat":"repeat","background-position":"center center","background-size":"auto","background-attachment":"scroll","background-type":"","background-media":"","overlay-type":"","overlay-color":"","overlay-opacity":"","overlay-gradient":""}},"footnotes":""},"class_list":["post-3266","page","type-page","status-publish","hentry"],"_hostinger_reach_plugin_has_subscription_block":false,"_hostinger_reach_plugin_is_elementor":false,"uagb_featured_image_src":{"full":false,"thumbnail":false,"medium":false,"medium_large":false,"large":false,"1536x1536":false,"2048x2048":false},"uagb_author_info":{"display_name":"thebuldog@email.com","author_link":"https:\/\/thebulldoog.com\/?author=1"},"uagb_comment_info":0,"uagb_excerpt":"https:\/\/thebulldoog.com\/wp-content\/uploads\/2025\/11\/whitepaper.pdf.pdf Da\u011f\u0131t\u0131m KalemiOranMiktar\u0131 (BLDOG)Amac\u0131 ve Kilitleme BilgisiToplam Arz100%1.000.000.000Piyasa Likiditesi40%$400.000.000$Merkeziyetsiz borsalarda (DEX) sa\u011fl\u0131kl\u0131 bir ticaret ortam\u0131 sa\u011flamak i\u00e7in ayr\u0131lm\u0131\u015ft\u0131r. (Likidite Kilitleme [&hellip;]","_links":{"self":[{"href":"https:\/\/thebulldoog.com\/index.php?rest_route=\/wp\/v2\/pages\/3266","targetHints":{"allow":["GET"]}}],"collection":[{"href":"https:\/\/thebulldoog.com\/index.php?rest_route=\/wp\/v2\/pages"}],"about":[{"href":"https:\/\/thebulldoog.com\/index.php?rest_route=\/wp\/v2\/types\/page"}],"author":[{"embeddable":true,"href":"https:\/\/thebulldoog.com\/index.php?rest_route=\/wp\/v2\/users\/1"}],"replies":[{"embeddable":true,"href":"https:\/\/thebulldoog.com\/index.php?rest_route=%2Fwp%2Fv2%2Fcomments&post=3266"}],"version-history":[{"count":15,"href":"https:\/\/thebulldoog.com\/index.php?rest_route=\/wp\/v2\/pages\/3266\/revisions"}],"predecessor-version":[{"id":3382,"href":"https:\/\/thebulldoog.com\/index.php?rest_route=\/wp\/v2\/pages\/3266\/revisions\/3382"}],"wp:attachment":[{"href":"https:\/\/thebulldoog.com\/index.php?rest_route=%2Fwp%2Fv2%2Fmedia&parent=3266"}],"curies":[{"name":"wp","href":"https:\/\/api.w.org\/{rel}","templated":true}]}}